{"id":16,"date":"2014-01-02T12:44:48","date_gmt":"2014-01-02T11:44:48","guid":{"rendered":"http:\/\/hery.cortical.net\/?page_id=16"},"modified":"2014-01-14T19:18:01","modified_gmt":"2014-01-14T18:18:01","slug":"les-activites-du-sejour","status":"publish","type":"page","link":"https:\/\/hery.cortical.net\/?page_id=16","title":{"rendered":"Les activit\u00e9s du s\u00e9jour"},"content":{"rendered":"<p style=\"text-align: center;\"><strong>COURS SCOLAIRES<\/strong><\/p>\n<p style=\"text-align: center;\"><a href=\"http:\/\/hery.cortical.net\/wp-content\/uploads\/2014\/01\/tableau.png\"><img loading=\"lazy\" decoding=\"async\" class=\"alignnone size-full wp-image-17\" alt=\"tableau\" src=\"http:\/\/hery.cortical.net\/wp-content\/uploads\/2014\/01\/tableau.png\" width=\"256\" height=\"256\" srcset=\"https:\/\/hery.cortical.net\/wp-content\/uploads\/2014\/01\/tableau.png 256w, https:\/\/hery.cortical.net\/wp-content\/uploads\/2014\/01\/tableau-150x150.png 150w\" sizes=\"auto, (max-width: 256px) 100vw, 256px\" \/><\/a><\/p>\n<p style=\"text-align: center;\">Nous aurons classe 3 heures tous les jours, le matin si notre activit\u00e9 se d\u00e9roule l&#8217;apr\u00e8s-midi, ou l&#8217;apr\u00e8s-midi si notre activit\u00e9 se d\u00e9roule le matin. Nous profiterons de cette classe de neige pour parler de la montagne, du syst\u00e8me solaire et des diff\u00e9rentes races de chiens de tra\u00eeneau.<\/p>\n<p style=\"text-align: center;\"><strong>CHIENS DE TRA\u00ceNEAU<\/strong><\/p>\n<p><a href=\"http:\/\/hery.cortical.net\/wp-content\/uploads\/2014\/01\/CHIENS.png\"><img loading=\"lazy\" decoding=\"async\" class=\"size-full wp-image-18 aligncenter\" alt=\"Chiens\" src=\"http:\/\/hery.cortical.net\/wp-content\/uploads\/2014\/01\/CHIENS.png\" width=\"256\" height=\"256\" srcset=\"https:\/\/hery.cortical.net\/wp-content\/uploads\/2014\/01\/CHIENS.png 256w, https:\/\/hery.cortical.net\/wp-content\/uploads\/2014\/01\/CHIENS-150x150.png 150w\" sizes=\"auto, (max-width: 256px) 100vw, 256px\" \/><\/a><\/p>\n<p>&nbsp;<\/p>\n<p>Les deux classes auront activit\u00e9 chiens de tra\u00eeneau d\u00e8s le d\u00e9but du s\u00e9jour. Les CM1b seront les premiers \u00e0 c\u00e2liner ces peluches vivantes et \u00e0 s&#8217;\u00e9lancer sur la piste du tra\u00eeneau les quatre premi\u00e8res matin\u00e9es (\u00e0 partir de samedi) et les CM1a les suivront en allant glisser tels de grands mushers les quatre apr\u00e8s-midis.<\/p>\n<p style=\"text-align: center;\">RAQUETTES<\/p>\n<p style=\"text-align: center;\"><a href=\"http:\/\/hery.cortical.net\/wp-content\/uploads\/2014\/01\/raquettes.png\"><img loading=\"lazy\" decoding=\"async\" class=\"alignnone size-full wp-image-22\" alt=\"raquettes\" src=\"http:\/\/hery.cortical.net\/wp-content\/uploads\/2014\/01\/raquettes.png\" width=\"256\" height=\"256\" srcset=\"https:\/\/hery.cortical.net\/wp-content\/uploads\/2014\/01\/raquettes.png 256w, https:\/\/hery.cortical.net\/wp-content\/uploads\/2014\/01\/raquettes-150x150.png 150w\" sizes=\"auto, (max-width: 256px) 100vw, 256px\" \/><\/a><\/p>\n<p style=\"text-align: center;\"><strong>ASTRONOMIE<\/strong><\/p>\n<p style=\"text-align: center;\"><a href=\"http:\/\/hery.cortical.net\/wp-content\/uploads\/2014\/01\/ASTRONOMIE.png\"><img loading=\"lazy\" decoding=\"async\" class=\"alignnone size-full wp-image-24\" alt=\"Astronomie\" src=\"http:\/\/hery.cortical.net\/wp-content\/uploads\/2014\/01\/ASTRONOMIE.png\" width=\"256\" height=\"256\" srcset=\"https:\/\/hery.cortical.net\/wp-content\/uploads\/2014\/01\/ASTRONOMIE.png 256w, https:\/\/hery.cortical.net\/wp-content\/uploads\/2014\/01\/ASTRONOMIE-150x150.png 150w\" sizes=\"auto, (max-width: 256px) 100vw, 256px\" \/><\/a><\/p>\n<p style=\"text-align: center;\">ANIMATIONS SUIVANTS CONDITIONS M\u00c9T\u00c9OROLOGIQUES<\/p>\n<p style=\"text-align: center;\">&#8230;.<\/p>\n","protected":false},"excerpt":{"rendered":"<p>COURS SCOLAIRES Nous aurons classe 3 heures tous les jours, le matin si notre activit\u00e9 se d\u00e9roule l&#8217;apr\u00e8s-midi, ou l&#8217;apr\u00e8s-midi si notre activit\u00e9 se d\u00e9roule le matin. Nous profiterons de cette classe de neige pour parler de la montagne, du syst\u00e8me solaire et des diff\u00e9rentes races de chiens de tra\u00eeneau. CHIENS DE TRA\u00ceNEAU &nbsp; Les [&hellip;]<\/p>\n","protected":false},"author":1,"featured_media":0,"parent":0,"menu_order":0,"comment_status":"open","ping_status":"open","template":"","meta":{"footnotes":""},"class_list":["post-16","page","type-page","status-publish","hentry"],"_links":{"self":[{"href":"https:\/\/hery.cortical.net\/index.php?rest_route=\/wp\/v2\/pages\/16","targetHints":{"allow":["GET"]}}],"collection":[{"href":"https:\/\/hery.cortical.net\/index.php?rest_route=\/wp\/v2\/pages"}],"about":[{"href":"https:\/\/hery.cortical.net\/index.php?rest_route=\/wp\/v2\/types\/page"}],"author":[{"embeddable":true,"href":"https:\/\/hery.cortical.net\/index.php?rest_route=\/wp\/v2\/users\/1"}],"replies":[{"embeddable":true,"href":"https:\/\/hery.cortical.net\/index.php?rest_route=%2Fwp%2Fv2%2Fcomments&post=16"}],"version-history":[{"count":8,"href":"https:\/\/hery.cortical.net\/index.php?rest_route=\/wp\/v2\/pages\/16\/revisions"}],"predecessor-version":[{"id":120,"href":"https:\/\/hery.cortical.net\/index.php?rest_route=\/wp\/v2\/pages\/16\/revisions\/120"}],"wp:attachment":[{"href":"https:\/\/hery.cortical.net\/index.php?rest_route=%2Fwp%2Fv2%2Fmedia&parent=16"}],"curies":[{"name":"wp","href":"https:\/\/api.w.org\/{rel}","templated":true}]}}